{"id":83,"date":"2026-03-19T13:32:05","date_gmt":"2026-03-19T13:32:05","guid":{"rendered":"https:\/\/shecan.pt\/wp\/?page_id=83"},"modified":"2026-03-19T13:35:34","modified_gmt":"2026-03-19T13:35:34","slug":"parabens","status":"publish","type":"page","link":"https:\/\/shecan.pt\/wp\/parabens\/","title":{"rendered":"parabens"},"content":{"rendered":"\t\t<div data-elementor-type=\"wp-page\" data-elementor-id=\"83\" class=\"elementor elementor-83\" data-elementor-post-type=\"page\">\n\t\t\t\t\t\t<section class=\"elementor-section elementor-top-section elementor-element elementor-element-65878ce7 elementor-section-boxed elementor-section-height-default elementor-section-height-default\" data-id=\"65878ce7\" data-element_type=\"section\" data-e-type=\"section\" data-settings=\"{&quot;background_background&quot;:&quot;classic&quot;}\">\n\t\t\t\t\t\t<div class=\"elementor-container elementor-column-gap-default\">\n\t\t\t\t\t<div class=\"elementor-column elementor-col-100 elementor-top-column elementor-element elementor-element-4513efe7\" data-id=\"4513efe7\" data-element_type=\"column\" data-e-type=\"column\">\n\t\t\t<div class=\"elementor-widget-wrap elementor-element-populated\">\n\t\t\t\t\t\t<div class=\"elementor-element elementor-element-2b75b7e2 elementor-widget elementor-widget-spacer\" data-id=\"2b75b7e2\" data-element_type=\"widget\" data-e-type=\"widget\" data-widget_type=\"spacer.default\">\n\t\t\t\t\t\t\t<div class=\"elementor-spacer\">\n\t\t\t<div class=\"elementor-spacer-inner\"><\/div>\n\t\t<\/div>\n\t\t\t\t\t\t<\/div>\n\t\t\t\t<div class=\"elementor-element elementor-element-6270e917 elementor-widget elementor-widget-html\" data-id=\"6270e917\" data-element_type=\"widget\" data-e-type=\"widget\" data-widget_type=\"html.default\">\n\t\t\t\t\t<!-- Meta Pixel Code -->\n<script>\n!function(f,b,e,v,n,t,s)\n{if(f.fbq)return;n=f.fbq=function(){n.callMethod?\nn.callMethod.apply(n,arguments):n.queue.push(arguments)};\nif(!f._fbq)f._fbq=n;n.push=n;n.loaded=!0;n.version='2.0';\nn.queue=[];t=b.createElement(e);t.async=!0;\nt.src=v;s=b.getElementsByTagName(e)[0];\ns.parentNode.insertBefore(t,s)}(window, document,'script',\n'https:\/\/connect.facebook.net\/en_US\/fbevents.js');\nfbq('init', '1073835828253455');\nfbq('track', 'PageView');\nfbq('track', 'Purchase');\n<\/script>\n<noscript><img height=\"1\" width=\"1\" style=\"display:none\"\nsrc=\"https:\/\/www.facebook.com\/tr?id=1073835828253455&ev=PageView&noscript=1\"\n\/><\/noscript>\n<!-- End Meta Pixel Code -->\t\t\t\t<\/div>\n\t\t\t\t<div class=\"elementor-element elementor-element-4f0360fe elementor-widget elementor-widget-heading\" data-id=\"4f0360fe\" data-element_type=\"widget\" data-e-type=\"widget\" data-widget_type=\"heading.default\">\n\t\t\t\t\t<h2 class=\"elementor-heading-title elementor-size-default\">SUPER IMPORTANTE!<\/h2>\t\t\t\t<\/div>\n\t\t\t\t<div class=\"elementor-element elementor-element-5bcbe6e0 elementor-widget elementor-widget-text-editor\" data-id=\"5bcbe6e0\" data-element_type=\"widget\" data-e-type=\"widget\" data-widget_type=\"text-editor.default\">\n\t\t\t\t\t\t\t\t\t<p>Parab\u00e9ns pela compra.<br \/>Voc\u00ea acaba de dar um passo estrat\u00e9gico rumo ao pr\u00f3ximo n\u00edvel. Agora \u00e9 s\u00f3 seguir as instru\u00e7\u00f5es abaixo para n\u00e3o perder nada:<\/p>\t\t\t\t\t\t\t\t<\/div>\n\t\t\t\t<div class=\"elementor-element elementor-element-28de56c5 elementor-widget elementor-widget-heading\" data-id=\"28de56c5\" data-element_type=\"widget\" data-e-type=\"widget\" data-widget_type=\"heading.default\">\n\t\t\t\t\t<h2 class=\"elementor-heading-title elementor-size-default\">\ud83d\udccc Pr\u00f3ximos passos (checklist r\u00e1pido):<\/h2>\t\t\t\t<\/div>\n\t\t\t\t<div class=\"elementor-element elementor-element-560e7e5f elementor-widget elementor-widget-text-editor\" data-id=\"560e7e5f\" data-element_type=\"widget\" data-e-type=\"widget\" data-widget_type=\"text-editor.default\">\n\t\t\t\t\t\t\t\t\t<p>CONFIRA SEU E-MAIL<br \/>\u2013 Procure por um e-mail com o assunto: \u201cAcesso liberado\u201d<br \/>\u2013 Pode cair no Spam, Promo\u00e7\u00f5es ou Atualiza\u00e7\u00f5es.<br \/><br \/><br \/>CONFIRME SEU E-MAIL<br \/>\u2013 Em alguns casos, voc\u00ea precisa confirmar o e-mail para liberar o acesso.<br \/><br \/><br \/>SALVE NOS FAVORITOS<br \/>\u2013 J\u00e1 abra e adicione o link do portal\/aluno aos seus favoritos.<br \/><br \/>ENTRE NO GRUPO VIP (se houver)<br \/>\u2013 Link dispon\u00edvel no e-mail de boas-vindas.<br \/>\u2013 L\u00e1 voc\u00ea recebe avisos importantes e materiais extras.<br \/><br \/><br \/>ASSISTA AO PRIMEIRO M\u00d3DULO HOJE<br \/>\u2013 Avance agora, enquanto sua motiva\u00e7\u00e3o est\u00e1 alta.<\/p>\t\t\t\t\t\t\t\t<\/div>\n\t\t\t\t\t<\/div>\n\t\t<\/div>\n\t\t\t\t\t<\/div>\n\t\t<\/section>\n\t\t\t\t<\/div>\n\t\t","protected":false},"excerpt":{"rendered":"<p>SUPER IMPORTANTE! Parab\u00e9ns pela compra.Voc\u00ea acaba de dar um passo estrat\u00e9gico rumo ao pr\u00f3ximo n\u00edvel. Agora \u00e9 s\u00f3 seguir as instru\u00e7\u00f5es abaixo para n\u00e3o perder nada: \ud83d\udccc Pr\u00f3ximos passos (checklist r\u00e1pido): CONFIRA SEU E-MAIL\u2013 Procure por um e-mail com o assunto: \u201cAcesso liberado\u201d\u2013 Pode cair no Spam, Promo\u00e7\u00f5es ou Atualiza\u00e7\u00f5es. CONFIRME SEU E-MAIL\u2013 Em alguns [&hellip;]<\/p>\n","protected":false},"author":3,"featured_media":0,"parent":0,"menu_order":0,"comment_status":"closed","ping_status":"closed","template":"elementor_canvas","meta":{"footnotes":""},"class_list":["post-83","page","type-page","status-publish","hentry"],"_links":{"self":[{"href":"https:\/\/shecan.pt\/wp\/wp-json\/wp\/v2\/pages\/83","targetHints":{"allow":["GET"]}}],"collection":[{"href":"https:\/\/shecan.pt\/wp\/wp-json\/wp\/v2\/pages"}],"about":[{"href":"https:\/\/shecan.pt\/wp\/wp-json\/wp\/v2\/types\/page"}],"author":[{"embeddable":true,"href":"https:\/\/shecan.pt\/wp\/wp-json\/wp\/v2\/users\/3"}],"replies":[{"embeddable":true,"href":"https:\/\/shecan.pt\/wp\/wp-json\/wp\/v2\/comments?post=83"}],"version-history":[{"count":8,"href":"https:\/\/shecan.pt\/wp\/wp-json\/wp\/v2\/pages\/83\/revisions"}],"predecessor-version":[{"id":91,"href":"https:\/\/shecan.pt\/wp\/wp-json\/wp\/v2\/pages\/83\/revisions\/91"}],"wp:attachment":[{"href":"https:\/\/shecan.pt\/wp\/wp-json\/wp\/v2\/media?parent=83"}],"curies":[{"name":"wp","href":"https:\/\/api.w.org\/{rel}","templated":true}]}}